{"id":42452,"date":"2024-02-26T16:33:14","date_gmt":"2024-02-26T15:33:14","guid":{"rendered":"https:\/\/ontranslation.es\/serveis\/posedicion\/"},"modified":"2024-05-29T10:28:37","modified_gmt":"2024-05-29T08:28:37","slug":"postedicio-traduccio-automatica","status":"publish","type":"page","link":"https:\/\/ontranslation.es\/ca\/serveis\/postedicio-traduccio-automatica\/","title":{"rendered":"Servei de postedici\u00f3 de traducci\u00f3 autom\u00e0tica"},"content":{"rendered":"","protected":false},"excerpt":{"rendered":"","protected":false},"author":12,"featured_media":0,"parent":33425,"menu_order":10,"comment_status":"closed","ping_status":"closed","template":"page-home.php","meta":{"_monsterinsights_skip_tracking":false,"_monsterinsights_sitenote_active":false,"_monsterinsights_sitenote_note":"","_monsterinsights_sitenote_category":0,"footnotes":""},"class_list":["post-42452","page","type-page","status-publish","hentry"],"yoast_head":"<!-- This site is optimized with the Yoast SEO Premium plugin v27.4 (Yoast SEO v27.4) - https:\/\/yoast.com\/product\/yoast-seo-premium-wordpress\/ -->\n<title>Servei de postedici\u00f3 de traducci\u00f3 autom\u00e0tica | Ontranslation<\/title>\n<meta name=\"description\" content=\"Gr\u00e0cies als nostres serveis de postedici\u00f3 de traducci\u00f3 autom\u00e0tica, podr\u00e0s reduir costos, agilitzar les traduccions i sonar el m\u00e9s hum\u00e0 possible.\" \/>\n<meta name=\"robots\" content=\"index, follow, max-snippet:-1, max-image-preview:large, max-video-preview:-1\" \/>\n<link rel=\"canonical\" href=\"https:\/\/ontranslation.es\/ca\/serveis\/postedicio-traduccio-automatica\/\" \/>\n<meta property=\"og:locale\" content=\"ca_ES\" \/>\n<meta property=\"og:type\" content=\"article\" \/>\n<meta property=\"og:title\" content=\"Servei de postedici\u00f3 de traducci\u00f3 autom\u00e0tica\" \/>\n<meta property=\"og:description\" content=\"Con nuestros servicios de traducci\u00f3n jurada conseguir\u00e1s la validez legal que necesitas para documentos oficiales y cualquier tr\u00e1mite.\" \/>\n<meta property=\"og:url\" content=\"https:\/\/ontranslation.es\/ca\/serveis\/postedicio-traduccio-automatica\/\" \/>\n<meta property=\"og:site_name\" content=\"Ontranslation\" \/>\n<meta property=\"article:publisher\" content=\"https:\/\/www.facebook.com\/ontranslation\" \/>\n<meta property=\"article:modified_time\" content=\"2024-05-29T08:28:37+00:00\" \/>\n<meta property=\"og:image\" content=\"https:\/\/ontranslation.es\/wp-content\/uploads\/2019\/11\/traduccion-jurada.png\" \/>\n\t<meta property=\"og:image:width\" content=\"1440\" \/>\n\t<meta property=\"og:image:height\" content=\"726\" \/>\n\t<meta property=\"og:image:type\" content=\"image\/png\" \/>\n<meta name=\"twitter:card\" content=\"summary_large_image\" \/>\n<meta name=\"twitter:description\" content=\"Con nuestros servicios de traducci\u00f3n jurada conseguir\u00e1s la validez legal que necesitas para documentos oficiales y cualquier tr\u00e1mite.\" \/>\n<meta name=\"twitter:site\" content=\"@on_translation\" \/>\n<script type=\"application\/ld+json\" class=\"yoast-schema-graph\">{\"@context\":\"https:\\\/\\\/schema.org\",\"@graph\":[{\"@type\":\"WebPage\",\"@id\":\"https:\\\/\\\/ontranslation.es\\\/ca\\\/serveis\\\/postedicio-traduccio-automatica\\\/\",\"url\":\"https:\\\/\\\/ontranslation.es\\\/ca\\\/serveis\\\/postedicio-traduccio-automatica\\\/\",\"name\":\"Servei de postedici\u00f3 de traducci\u00f3 autom\u00e0tica | Ontranslation\",\"isPartOf\":{\"@id\":\"https:\\\/\\\/ontranslation.es\\\/ca\\\/#website\"},\"datePublished\":\"2024-02-26T15:33:14+00:00\",\"dateModified\":\"2024-05-29T08:28:37+00:00\",\"description\":\"Gr\u00e0cies als nostres serveis de postedici\u00f3 de traducci\u00f3 autom\u00e0tica, podr\u00e0s reduir costos, agilitzar les traduccions i sonar el m\u00e9s hum\u00e0 possible.\",\"breadcrumb\":{\"@id\":\"https:\\\/\\\/ontranslation.es\\\/ca\\\/serveis\\\/postedicio-traduccio-automatica\\\/#breadcrumb\"},\"inLanguage\":\"ca\",\"potentialAction\":[{\"@type\":\"ReadAction\",\"target\":[\"https:\\\/\\\/ontranslation.es\\\/ca\\\/serveis\\\/postedicio-traduccio-automatica\\\/\"]}]},{\"@type\":\"BreadcrumbList\",\"@id\":\"https:\\\/\\\/ontranslation.es\\\/ca\\\/serveis\\\/postedicio-traduccio-automatica\\\/#breadcrumb\",\"itemListElement\":[{\"@type\":\"ListItem\",\"position\":1,\"name\":\"Portada\",\"item\":\"https:\\\/\\\/ontranslation.es\\\/ca\\\/\"},{\"@type\":\"ListItem\",\"position\":2,\"name\":\"SERVEIS\",\"item\":\"https:\\\/\\\/ontranslation.es\\\/ca\\\/serveis\\\/\"},{\"@type\":\"ListItem\",\"position\":3,\"name\":\"Servei de postedici\u00f3 de traducci\u00f3 autom\u00e0tica\"}]},{\"@type\":\"WebSite\",\"@id\":\"https:\\\/\\\/ontranslation.es\\\/ca\\\/#website\",\"url\":\"https:\\\/\\\/ontranslation.es\\\/ca\\\/\",\"name\":\"Ontranslation\",\"description\":\"Empresa de traducci\u00f3n Barcelona\",\"publisher\":{\"@id\":\"https:\\\/\\\/ontranslation.es\\\/ca\\\/#organization\"},\"potentialAction\":[{\"@type\":\"SearchAction\",\"target\":{\"@type\":\"EntryPoint\",\"urlTemplate\":\"https:\\\/\\\/ontranslation.es\\\/ca\\\/?s={search_term_string}\"},\"query-input\":{\"@type\":\"PropertyValueSpecification\",\"valueRequired\":true,\"valueName\":\"search_term_string\"}}],\"inLanguage\":\"ca\"},{\"@type\":\"Organization\",\"@id\":\"https:\\\/\\\/ontranslation.es\\\/ca\\\/#organization\",\"name\":\"Ontranslation\",\"url\":\"https:\\\/\\\/ontranslation.es\\\/ca\\\/\",\"logo\":{\"@type\":\"ImageObject\",\"inLanguage\":\"ca\",\"@id\":\"https:\\\/\\\/ontranslation.es\\\/ca\\\/#\\\/schema\\\/logo\\\/image\\\/\",\"url\":\"https:\\\/\\\/ontranslation.es\\\/wp-content\\\/uploads\\\/2020\\\/01\\\/logo-ontranslation.png\",\"contentUrl\":\"https:\\\/\\\/ontranslation.es\\\/wp-content\\\/uploads\\\/2020\\\/01\\\/logo-ontranslation.png\",\"width\":249,\"height\":53,\"caption\":\"Ontranslation\"},\"image\":{\"@id\":\"https:\\\/\\\/ontranslation.es\\\/ca\\\/#\\\/schema\\\/logo\\\/image\\\/\"},\"sameAs\":[\"https:\\\/\\\/www.facebook.com\\\/ontranslation\",\"https:\\\/\\\/x.com\\\/on_translation\",\"https:\\\/\\\/www.instagram.com\\\/on.translation\\\/\",\"https:\\\/\\\/www.linkedin.com\\\/company\\\/ontranslation\\\/\",\"https:\\\/\\\/www.youtube.com\\\/user\\\/MrOntranslation\"],\"description\":\"Ontranslation es una agencia de estrategia de contenido global, AI-driven y automation-aware, especializada en ayudar a marcas a escalar su comunicaci\u00f3n internacional sin perder coherencia ni voz de marca. Dise\u00f1amos y operativizamos sistemas de contenido que combinan estrategia, localizaci\u00f3n cultural, SEO internacional y automatizaci\u00f3n inteligente, integrando IA all\u00ed donde aporta eficiencia, control y consistencia. No nos limitamos a traducir: definimos estructuras, tonos y marcos editoriales que permiten crecer en volumen, mercados e idiomas manteniendo calidad, relevancia y rendimiento real en cada contexto local.\",\"email\":\"hello@ontranslation.es\",\"telephone\":\"930130403\",\"legalName\":\"Ontranslation & Interpretation SLU\",\"foundingDate\":\"2011-11-15\",\"vatID\":\"B65771966\",\"taxID\":\"B65771966\",\"numberOfEmployees\":{\"@type\":\"QuantitativeValue\",\"minValue\":\"1\",\"maxValue\":\"10\"}}]}<\/script>\n<!-- \/ Yoast SEO Premium plugin. -->","yoast_head_json":{"title":"Servei de postedici\u00f3 de traducci\u00f3 autom\u00e0tica | Ontranslation","description":"Gr\u00e0cies als nostres serveis de postedici\u00f3 de traducci\u00f3 autom\u00e0tica, podr\u00e0s reduir costos, agilitzar les traduccions i sonar el m\u00e9s hum\u00e0 possible.","robots":{"index":"index","follow":"follow","max-snippet":"max-snippet:-1","max-image-preview":"max-image-preview:large","max-video-preview":"max-video-preview:-1"},"canonical":"https:\/\/ontranslation.es\/ca\/serveis\/postedicio-traduccio-automatica\/","og_locale":"ca_ES","og_type":"article","og_title":"Servei de postedici\u00f3 de traducci\u00f3 autom\u00e0tica","og_description":"Con nuestros servicios de traducci\u00f3n jurada conseguir\u00e1s la validez legal que necesitas para documentos oficiales y cualquier tr\u00e1mite.","og_url":"https:\/\/ontranslation.es\/ca\/serveis\/postedicio-traduccio-automatica\/","og_site_name":"Ontranslation","article_publisher":"https:\/\/www.facebook.com\/ontranslation","article_modified_time":"2024-05-29T08:28:37+00:00","og_image":[{"width":1440,"height":726,"url":"https:\/\/ontranslation.es\/wp-content\/uploads\/2019\/11\/traduccion-jurada.png","type":"image\/png"}],"twitter_card":"summary_large_image","twitter_description":"Con nuestros servicios de traducci\u00f3n jurada conseguir\u00e1s la validez legal que necesitas para documentos oficiales y cualquier tr\u00e1mite.","twitter_site":"@on_translation","schema":{"@context":"https:\/\/schema.org","@graph":[{"@type":"WebPage","@id":"https:\/\/ontranslation.es\/ca\/serveis\/postedicio-traduccio-automatica\/","url":"https:\/\/ontranslation.es\/ca\/serveis\/postedicio-traduccio-automatica\/","name":"Servei de postedici\u00f3 de traducci\u00f3 autom\u00e0tica | Ontranslation","isPartOf":{"@id":"https:\/\/ontranslation.es\/ca\/#website"},"datePublished":"2024-02-26T15:33:14+00:00","dateModified":"2024-05-29T08:28:37+00:00","description":"Gr\u00e0cies als nostres serveis de postedici\u00f3 de traducci\u00f3 autom\u00e0tica, podr\u00e0s reduir costos, agilitzar les traduccions i sonar el m\u00e9s hum\u00e0 possible.","breadcrumb":{"@id":"https:\/\/ontranslation.es\/ca\/serveis\/postedicio-traduccio-automatica\/#breadcrumb"},"inLanguage":"ca","potentialAction":[{"@type":"ReadAction","target":["https:\/\/ontranslation.es\/ca\/serveis\/postedicio-traduccio-automatica\/"]}]},{"@type":"BreadcrumbList","@id":"https:\/\/ontranslation.es\/ca\/serveis\/postedicio-traduccio-automatica\/#breadcrumb","itemListElement":[{"@type":"ListItem","position":1,"name":"Portada","item":"https:\/\/ontranslation.es\/ca\/"},{"@type":"ListItem","position":2,"name":"SERVEIS","item":"https:\/\/ontranslation.es\/ca\/serveis\/"},{"@type":"ListItem","position":3,"name":"Servei de postedici\u00f3 de traducci\u00f3 autom\u00e0tica"}]},{"@type":"WebSite","@id":"https:\/\/ontranslation.es\/ca\/#website","url":"https:\/\/ontranslation.es\/ca\/","name":"Ontranslation","description":"Empresa de traducci\u00f3n Barcelona","publisher":{"@id":"https:\/\/ontranslation.es\/ca\/#organization"},"potentialAction":[{"@type":"SearchAction","target":{"@type":"EntryPoint","urlTemplate":"https:\/\/ontranslation.es\/ca\/?s={search_term_string}"},"query-input":{"@type":"PropertyValueSpecification","valueRequired":true,"valueName":"search_term_string"}}],"inLanguage":"ca"},{"@type":"Organization","@id":"https:\/\/ontranslation.es\/ca\/#organization","name":"Ontranslation","url":"https:\/\/ontranslation.es\/ca\/","logo":{"@type":"ImageObject","inLanguage":"ca","@id":"https:\/\/ontranslation.es\/ca\/#\/schema\/logo\/image\/","url":"https:\/\/ontranslation.es\/wp-content\/uploads\/2020\/01\/logo-ontranslation.png","contentUrl":"https:\/\/ontranslation.es\/wp-content\/uploads\/2020\/01\/logo-ontranslation.png","width":249,"height":53,"caption":"Ontranslation"},"image":{"@id":"https:\/\/ontranslation.es\/ca\/#\/schema\/logo\/image\/"},"sameAs":["https:\/\/www.facebook.com\/ontranslation","https:\/\/x.com\/on_translation","https:\/\/www.instagram.com\/on.translation\/","https:\/\/www.linkedin.com\/company\/ontranslation\/","https:\/\/www.youtube.com\/user\/MrOntranslation"],"description":"Ontranslation es una agencia de estrategia de contenido global, AI-driven y automation-aware, especializada en ayudar a marcas a escalar su comunicaci\u00f3n internacional sin perder coherencia ni voz de marca. Dise\u00f1amos y operativizamos sistemas de contenido que combinan estrategia, localizaci\u00f3n cultural, SEO internacional y automatizaci\u00f3n inteligente, integrando IA all\u00ed donde aporta eficiencia, control y consistencia. No nos limitamos a traducir: definimos estructuras, tonos y marcos editoriales que permiten crecer en volumen, mercados e idiomas manteniendo calidad, relevancia y rendimiento real en cada contexto local.","email":"hello@ontranslation.es","telephone":"930130403","legalName":"Ontranslation & Interpretation SLU","foundingDate":"2011-11-15","vatID":"B65771966","taxID":"B65771966","numberOfEmployees":{"@type":"QuantitativeValue","minValue":"1","maxValue":"10"}}]}},"_links":{"self":[{"href":"https:\/\/ontranslation.es\/ca\/wp-json\/wp\/v2\/pages\/42452","targetHints":{"allow":["GET"]}}],"collection":[{"href":"https:\/\/ontranslation.es\/ca\/wp-json\/wp\/v2\/pages"}],"about":[{"href":"https:\/\/ontranslation.es\/ca\/wp-json\/wp\/v2\/types\/page"}],"author":[{"embeddable":true,"href":"https:\/\/ontranslation.es\/ca\/wp-json\/wp\/v2\/users\/12"}],"replies":[{"embeddable":true,"href":"https:\/\/ontranslation.es\/ca\/wp-json\/wp\/v2\/comments?post=42452"}],"version-history":[{"count":2,"href":"https:\/\/ontranslation.es\/ca\/wp-json\/wp\/v2\/pages\/42452\/revisions"}],"predecessor-version":[{"id":42454,"href":"https:\/\/ontranslation.es\/ca\/wp-json\/wp\/v2\/pages\/42452\/revisions\/42454"}],"up":[{"embeddable":true,"href":"https:\/\/ontranslation.es\/ca\/wp-json\/wp\/v2\/pages\/33425"}],"wp:attachment":[{"href":"https:\/\/ontranslation.es\/ca\/wp-json\/wp\/v2\/media?parent=42452"}],"curies":[{"name":"wp","href":"https:\/\/api.w.org\/{rel}","templated":true}]}}