{"id":43469,"date":"2025-01-27T13:20:52","date_gmt":"2025-01-27T12:20:52","guid":{"rendered":"https:\/\/ontranslation.es\/?page_id=43469"},"modified":"2025-05-30T23:08:18","modified_gmt":"2025-05-30T21:08:18","slug":"ai-powered-translation-service","status":"publish","type":"page","link":"https:\/\/ontranslation.es\/en\/services\/ai-powered-translation-service\/","title":{"rendered":"AI-Powered Translation Service"},"content":{"rendered":"","protected":false},"excerpt":{"rendered":"","protected":false},"author":9,"featured_media":0,"parent":33268,"menu_order":8,"comment_status":"closed","ping_status":"closed","template":"page-home.php","meta":{"_monsterinsights_skip_tracking":false,"_monsterinsights_sitenote_active":false,"_monsterinsights_sitenote_note":"","_monsterinsights_sitenote_category":0,"footnotes":""},"class_list":["post-43469","page","type-page","status-publish","hentry"],"yoast_head":"<!-- This site is optimized with the Yoast SEO Premium plugin v27.3 (Yoast SEO v27.3) - https:\/\/yoast.com\/product\/yoast-seo-premium-wordpress\/ -->\n<title>AI-Powered Translation Services | Fast &amp; Culturally Adapted<\/title>\n<meta name=\"description\" content=\"Scale globally with AI-powered translation. Fast, accurate, SEO-optimized, and culturally adapted by native linguists. Expand your reach now!\" \/>\n<meta name=\"robots\" content=\"index, follow, max-snippet:-1, max-image-preview:large, max-video-preview:-1\" \/>\n<link rel=\"canonical\" href=\"https:\/\/ontranslation.es\/en\/services\/ai-powered-translation-service\/\" \/>\n<meta property=\"og:locale\" content=\"en_US\" \/>\n<meta property=\"og:type\" content=\"article\" \/>\n<meta property=\"og:title\" content=\"AI-Powered Translation Service\" \/>\n<meta property=\"og:description\" content=\"Con la traducci\u00f3n SEO multiling\u00fce conseguir\u00e1s que clientes extranjeros de manera org\u00e1nica. Conf\u00eda nuestra agencia de traducci\u00f3n SEO.\" \/>\n<meta property=\"og:url\" content=\"https:\/\/ontranslation.es\/en\/services\/ai-powered-translation-service\/\" \/>\n<meta property=\"og:site_name\" content=\"Ontranslation\" \/>\n<meta property=\"article:publisher\" content=\"https:\/\/www.facebook.com\/ontranslation\" \/>\n<meta property=\"article:modified_time\" content=\"2025-05-30T21:08:18+00:00\" \/>\n<meta property=\"og:image\" content=\"https:\/\/ontranslation.es\/wp-content\/uploads\/2019\/10\/traduccion-seo-1.png\" \/>\n\t<meta property=\"og:image:width\" content=\"1440\" \/>\n\t<meta property=\"og:image:height\" content=\"726\" \/>\n\t<meta property=\"og:image:type\" content=\"image\/png\" \/>\n<meta name=\"twitter:card\" content=\"summary_large_image\" \/>\n<meta name=\"twitter:description\" content=\"Con la traducci\u00f3n SEO multiling\u00fce conseguir\u00e1s que clientes extranjeros de manera org\u00e1nica. Conf\u00eda nuestra agencia de traducci\u00f3n SEO.\" \/>\n<meta name=\"twitter:site\" content=\"@on_translation\" \/>\n<script type=\"application\/ld+json\" class=\"yoast-schema-graph\">{\"@context\":\"https:\\\/\\\/schema.org\",\"@graph\":[{\"@type\":\"WebPage\",\"@id\":\"https:\\\/\\\/ontranslation.es\\\/en\\\/services\\\/ai-powered-translation-service\\\/\",\"url\":\"https:\\\/\\\/ontranslation.es\\\/en\\\/services\\\/ai-powered-translation-service\\\/\",\"name\":\"AI-Powered Translation Services | Fast & Culturally Adapted\",\"isPartOf\":{\"@id\":\"https:\\\/\\\/ontranslation.es\\\/en\\\/#website\"},\"datePublished\":\"2025-01-27T12:20:52+00:00\",\"dateModified\":\"2025-05-30T21:08:18+00:00\",\"description\":\"Scale globally with AI-powered translation. Fast, accurate, SEO-optimized, and culturally adapted by native linguists. Expand your reach now!\",\"breadcrumb\":{\"@id\":\"https:\\\/\\\/ontranslation.es\\\/en\\\/services\\\/ai-powered-translation-service\\\/#breadcrumb\"},\"inLanguage\":\"en-US\",\"potentialAction\":[{\"@type\":\"ReadAction\",\"target\":[\"https:\\\/\\\/ontranslation.es\\\/en\\\/services\\\/ai-powered-translation-service\\\/\"]}]},{\"@type\":\"BreadcrumbList\",\"@id\":\"https:\\\/\\\/ontranslation.es\\\/en\\\/services\\\/ai-powered-translation-service\\\/#breadcrumb\",\"itemListElement\":[{\"@type\":\"ListItem\",\"position\":1,\"name\":\"Portada\",\"item\":\"https:\\\/\\\/ontranslation.es\\\/en\\\/\"},{\"@type\":\"ListItem\",\"position\":2,\"name\":\"SERVICES\",\"item\":\"https:\\\/\\\/ontranslation.es\\\/en\\\/services\\\/\"},{\"@type\":\"ListItem\",\"position\":3,\"name\":\"AI-Powered Translation Service\"}]},{\"@type\":\"WebSite\",\"@id\":\"https:\\\/\\\/ontranslation.es\\\/en\\\/#website\",\"url\":\"https:\\\/\\\/ontranslation.es\\\/en\\\/\",\"name\":\"Ontranslation\",\"description\":\"Empresa de traducci\u00f3n Barcelona\",\"publisher\":{\"@id\":\"https:\\\/\\\/ontranslation.es\\\/en\\\/#organization\"},\"potentialAction\":[{\"@type\":\"SearchAction\",\"target\":{\"@type\":\"EntryPoint\",\"urlTemplate\":\"https:\\\/\\\/ontranslation.es\\\/en\\\/?s={search_term_string}\"},\"query-input\":{\"@type\":\"PropertyValueSpecification\",\"valueRequired\":true,\"valueName\":\"search_term_string\"}}],\"inLanguage\":\"en-US\"},{\"@type\":\"Organization\",\"@id\":\"https:\\\/\\\/ontranslation.es\\\/en\\\/#organization\",\"name\":\"Ontranslation\",\"url\":\"https:\\\/\\\/ontranslation.es\\\/en\\\/\",\"logo\":{\"@type\":\"ImageObject\",\"inLanguage\":\"en-US\",\"@id\":\"https:\\\/\\\/ontranslation.es\\\/en\\\/#\\\/schema\\\/logo\\\/image\\\/\",\"url\":\"https:\\\/\\\/ontranslation.es\\\/wp-content\\\/uploads\\\/2020\\\/01\\\/logo-ontranslation.png\",\"contentUrl\":\"https:\\\/\\\/ontranslation.es\\\/wp-content\\\/uploads\\\/2020\\\/01\\\/logo-ontranslation.png\",\"width\":249,\"height\":53,\"caption\":\"Ontranslation\"},\"image\":{\"@id\":\"https:\\\/\\\/ontranslation.es\\\/en\\\/#\\\/schema\\\/logo\\\/image\\\/\"},\"sameAs\":[\"https:\\\/\\\/www.facebook.com\\\/ontranslation\",\"https:\\\/\\\/x.com\\\/on_translation\",\"https:\\\/\\\/www.instagram.com\\\/on.translation\\\/\",\"https:\\\/\\\/www.linkedin.com\\\/company\\\/ontranslation\\\/\",\"https:\\\/\\\/www.youtube.com\\\/user\\\/MrOntranslation\"],\"description\":\"Ontranslation es una agencia de estrategia de contenido global, AI-driven y automation-aware, especializada en ayudar a marcas a escalar su comunicaci\u00f3n internacional sin perder coherencia ni voz de marca. Dise\u00f1amos y operativizamos sistemas de contenido que combinan estrategia, localizaci\u00f3n cultural, SEO internacional y automatizaci\u00f3n inteligente, integrando IA all\u00ed donde aporta eficiencia, control y consistencia. No nos limitamos a traducir: definimos estructuras, tonos y marcos editoriales que permiten crecer en volumen, mercados e idiomas manteniendo calidad, relevancia y rendimiento real en cada contexto local.\",\"email\":\"hello@ontranslation.es\",\"telephone\":\"930130403\",\"legalName\":\"Ontranslation & Interpretation SLU\",\"foundingDate\":\"2011-11-15\",\"vatID\":\"B65771966\",\"taxID\":\"B65771966\",\"numberOfEmployees\":{\"@type\":\"QuantitativeValue\",\"minValue\":\"1\",\"maxValue\":\"10\"}}]}<\/script>\n<!-- \/ Yoast SEO Premium plugin. -->","yoast_head_json":{"title":"AI-Powered Translation Services | Fast & Culturally Adapted","description":"Scale globally with AI-powered translation. Fast, accurate, SEO-optimized, and culturally adapted by native linguists. Expand your reach now!","robots":{"index":"index","follow":"follow","max-snippet":"max-snippet:-1","max-image-preview":"max-image-preview:large","max-video-preview":"max-video-preview:-1"},"canonical":"https:\/\/ontranslation.es\/en\/services\/ai-powered-translation-service\/","og_locale":"en_US","og_type":"article","og_title":"AI-Powered Translation Service","og_description":"Con la traducci\u00f3n SEO multiling\u00fce conseguir\u00e1s que clientes extranjeros de manera org\u00e1nica. Conf\u00eda nuestra agencia de traducci\u00f3n SEO.","og_url":"https:\/\/ontranslation.es\/en\/services\/ai-powered-translation-service\/","og_site_name":"Ontranslation","article_publisher":"https:\/\/www.facebook.com\/ontranslation","article_modified_time":"2025-05-30T21:08:18+00:00","og_image":[{"width":1440,"height":726,"url":"https:\/\/ontranslation.es\/wp-content\/uploads\/2019\/10\/traduccion-seo-1.png","type":"image\/png"}],"twitter_card":"summary_large_image","twitter_description":"Con la traducci\u00f3n SEO multiling\u00fce conseguir\u00e1s que clientes extranjeros de manera org\u00e1nica. Conf\u00eda nuestra agencia de traducci\u00f3n SEO.","twitter_site":"@on_translation","schema":{"@context":"https:\/\/schema.org","@graph":[{"@type":"WebPage","@id":"https:\/\/ontranslation.es\/en\/services\/ai-powered-translation-service\/","url":"https:\/\/ontranslation.es\/en\/services\/ai-powered-translation-service\/","name":"AI-Powered Translation Services | Fast & Culturally Adapted","isPartOf":{"@id":"https:\/\/ontranslation.es\/en\/#website"},"datePublished":"2025-01-27T12:20:52+00:00","dateModified":"2025-05-30T21:08:18+00:00","description":"Scale globally with AI-powered translation. Fast, accurate, SEO-optimized, and culturally adapted by native linguists. Expand your reach now!","breadcrumb":{"@id":"https:\/\/ontranslation.es\/en\/services\/ai-powered-translation-service\/#breadcrumb"},"inLanguage":"en-US","potentialAction":[{"@type":"ReadAction","target":["https:\/\/ontranslation.es\/en\/services\/ai-powered-translation-service\/"]}]},{"@type":"BreadcrumbList","@id":"https:\/\/ontranslation.es\/en\/services\/ai-powered-translation-service\/#breadcrumb","itemListElement":[{"@type":"ListItem","position":1,"name":"Portada","item":"https:\/\/ontranslation.es\/en\/"},{"@type":"ListItem","position":2,"name":"SERVICES","item":"https:\/\/ontranslation.es\/en\/services\/"},{"@type":"ListItem","position":3,"name":"AI-Powered Translation Service"}]},{"@type":"WebSite","@id":"https:\/\/ontranslation.es\/en\/#website","url":"https:\/\/ontranslation.es\/en\/","name":"Ontranslation","description":"Empresa de traducci\u00f3n Barcelona","publisher":{"@id":"https:\/\/ontranslation.es\/en\/#organization"},"potentialAction":[{"@type":"SearchAction","target":{"@type":"EntryPoint","urlTemplate":"https:\/\/ontranslation.es\/en\/?s={search_term_string}"},"query-input":{"@type":"PropertyValueSpecification","valueRequired":true,"valueName":"search_term_string"}}],"inLanguage":"en-US"},{"@type":"Organization","@id":"https:\/\/ontranslation.es\/en\/#organization","name":"Ontranslation","url":"https:\/\/ontranslation.es\/en\/","logo":{"@type":"ImageObject","inLanguage":"en-US","@id":"https:\/\/ontranslation.es\/en\/#\/schema\/logo\/image\/","url":"https:\/\/ontranslation.es\/wp-content\/uploads\/2020\/01\/logo-ontranslation.png","contentUrl":"https:\/\/ontranslation.es\/wp-content\/uploads\/2020\/01\/logo-ontranslation.png","width":249,"height":53,"caption":"Ontranslation"},"image":{"@id":"https:\/\/ontranslation.es\/en\/#\/schema\/logo\/image\/"},"sameAs":["https:\/\/www.facebook.com\/ontranslation","https:\/\/x.com\/on_translation","https:\/\/www.instagram.com\/on.translation\/","https:\/\/www.linkedin.com\/company\/ontranslation\/","https:\/\/www.youtube.com\/user\/MrOntranslation"],"description":"Ontranslation es una agencia de estrategia de contenido global, AI-driven y automation-aware, especializada en ayudar a marcas a escalar su comunicaci\u00f3n internacional sin perder coherencia ni voz de marca. Dise\u00f1amos y operativizamos sistemas de contenido que combinan estrategia, localizaci\u00f3n cultural, SEO internacional y automatizaci\u00f3n inteligente, integrando IA all\u00ed donde aporta eficiencia, control y consistencia. No nos limitamos a traducir: definimos estructuras, tonos y marcos editoriales que permiten crecer en volumen, mercados e idiomas manteniendo calidad, relevancia y rendimiento real en cada contexto local.","email":"hello@ontranslation.es","telephone":"930130403","legalName":"Ontranslation & Interpretation SLU","foundingDate":"2011-11-15","vatID":"B65771966","taxID":"B65771966","numberOfEmployees":{"@type":"QuantitativeValue","minValue":"1","maxValue":"10"}}]}},"_links":{"self":[{"href":"https:\/\/ontranslation.es\/en\/wp-json\/wp\/v2\/pages\/43469","targetHints":{"allow":["GET"]}}],"collection":[{"href":"https:\/\/ontranslation.es\/en\/wp-json\/wp\/v2\/pages"}],"about":[{"href":"https:\/\/ontranslation.es\/en\/wp-json\/wp\/v2\/types\/page"}],"author":[{"embeddable":true,"href":"https:\/\/ontranslation.es\/en\/wp-json\/wp\/v2\/users\/9"}],"replies":[{"embeddable":true,"href":"https:\/\/ontranslation.es\/en\/wp-json\/wp\/v2\/comments?post=43469"}],"version-history":[{"count":1,"href":"https:\/\/ontranslation.es\/en\/wp-json\/wp\/v2\/pages\/43469\/revisions"}],"predecessor-version":[{"id":43470,"href":"https:\/\/ontranslation.es\/en\/wp-json\/wp\/v2\/pages\/43469\/revisions\/43470"}],"up":[{"embeddable":true,"href":"https:\/\/ontranslation.es\/en\/wp-json\/wp\/v2\/pages\/33268"}],"wp:attachment":[{"href":"https:\/\/ontranslation.es\/en\/wp-json\/wp\/v2\/media?parent=43469"}],"curies":[{"name":"wp","href":"https:\/\/api.w.org\/{rel}","templated":true}]}}