{"id":41094,"date":"2023-04-27T12:56:00","date_gmt":"2023-04-27T10:56:00","guid":{"rendered":"https:\/\/ontranslation.es\/?page_id=41094"},"modified":"2023-05-04T12:51:01","modified_gmt":"2023-05-04T10:51:01","slug":"blog","status":"publish","type":"page","link":"https:\/\/ontranslation.es\/it\/blog\/","title":{"rendered":"Blog"},"content":{"rendered":"<h1 style=\"text-align: center;\">Il nostro blog<\/h1>\n<p style=\"text-align: center;\"><a href=\"https:\/\/ontranslation.es\/it\/category\/chi-siamo\/\">Chi siamo<\/a>\u00a0<a href=\"https:\/\/ontranslation.es\/it\/category\/e-commerce\/\">E-commerce<\/a>\u00a0<a href=\"https:\/\/ontranslation.es\/it\/category\/web\/\">Web<\/a>\u00a0<a href=\"https:\/\/ontranslation.es\/it\/category\/traduzione\/\">Traduzione<\/a>\u00a0<a href=\"https:\/\/ontranslation.es\/it\/category\/interpretariato\/\">Interpretariato<\/a>\u00a0<a href=\"https:\/\/ontranslation.es\/it\/category\/interviste\/\">Interviste<\/a><\/p>\n","protected":false},"excerpt":{"rendered":"<p>Il nostro blog Chi siamo\u00a0E-commerce\u00a0Web\u00a0Traduzione\u00a0Interpretariato\u00a0Interviste<\/p>\n","protected":false},"author":12,"featured_media":0,"parent":0,"menu_order":3,"comment_status":"closed","ping_status":"closed","template":"page-blog.php","meta":{"_monsterinsights_skip_tracking":false,"_monsterinsights_sitenote_active":false,"_monsterinsights_sitenote_note":"","_monsterinsights_sitenote_category":0,"footnotes":""},"class_list":["post-41094","page","type-page","status-publish","hentry"],"yoast_head":"<!-- This site is optimized with the Yoast SEO Premium plugin v27.4 (Yoast SEO v27.4) - https:\/\/yoast.com\/product\/yoast-seo-premium-wordpress\/ -->\n<title>Blog | Ontranslation<\/title>\n<meta name=\"robots\" content=\"index, follow, max-snippet:-1, max-image-preview:large, max-video-preview:-1\" \/>\n<link rel=\"canonical\" href=\"https:\/\/ontranslation.es\/it\/blog\/\" \/>\n<meta property=\"og:locale\" content=\"it_IT\" \/>\n<meta property=\"og:type\" content=\"article\" \/>\n<meta property=\"og:title\" content=\"Blog\" \/>\n<meta property=\"og:description\" content=\"Il nostro blog Chi siamo\u00a0E-commerce\u00a0Web\u00a0Traduzione\u00a0Interpretariato\u00a0Interviste\" \/>\n<meta property=\"og:url\" content=\"https:\/\/ontranslation.es\/it\/blog\/\" \/>\n<meta property=\"og:site_name\" content=\"Ontranslation\" \/>\n<meta property=\"article:publisher\" content=\"https:\/\/www.facebook.com\/ontranslation\" \/>\n<meta property=\"article:modified_time\" content=\"2023-05-04T10:51:01+00:00\" \/>\n<meta property=\"og:image\" content=\"https:\/\/ontranslation.es\/wp-content\/uploads\/2025\/01\/ontranslation-global-content-strategies-1.png\" \/>\n\t<meta property=\"og:image:width\" content=\"1200\" \/>\n\t<meta property=\"og:image:height\" content=\"560\" \/>\n\t<meta property=\"og:image:type\" content=\"image\/png\" \/>\n<meta name=\"twitter:card\" content=\"summary_large_image\" \/>\n<meta name=\"twitter:site\" content=\"@on_translation\" \/>\n<script type=\"application\/ld+json\" class=\"yoast-schema-graph\">{\"@context\":\"https:\\\/\\\/schema.org\",\"@graph\":[{\"@type\":\"WebPage\",\"@id\":\"https:\\\/\\\/ontranslation.es\\\/it\\\/blog\\\/\",\"url\":\"https:\\\/\\\/ontranslation.es\\\/it\\\/blog\\\/\",\"name\":\"Blog | Ontranslation\",\"isPartOf\":{\"@id\":\"https:\\\/\\\/ontranslation.es\\\/it\\\/#website\"},\"datePublished\":\"2023-04-27T10:56:00+00:00\",\"dateModified\":\"2023-05-04T10:51:01+00:00\",\"breadcrumb\":{\"@id\":\"https:\\\/\\\/ontranslation.es\\\/it\\\/blog\\\/#breadcrumb\"},\"inLanguage\":\"it-IT\",\"potentialAction\":[{\"@type\":\"ReadAction\",\"target\":[\"https:\\\/\\\/ontranslation.es\\\/it\\\/blog\\\/\"]}]},{\"@type\":\"BreadcrumbList\",\"@id\":\"https:\\\/\\\/ontranslation.es\\\/it\\\/blog\\\/#breadcrumb\",\"itemListElement\":[{\"@type\":\"ListItem\",\"position\":1,\"name\":\"Portada\",\"item\":\"https:\\\/\\\/ontranslation.es\\\/it\\\/\"},{\"@type\":\"ListItem\",\"position\":2,\"name\":\"Blog\"}]},{\"@type\":\"WebSite\",\"@id\":\"https:\\\/\\\/ontranslation.es\\\/it\\\/#website\",\"url\":\"https:\\\/\\\/ontranslation.es\\\/it\\\/\",\"name\":\"Ontranslation\",\"description\":\"Empresa de traducci\u00f3n Barcelona\",\"publisher\":{\"@id\":\"https:\\\/\\\/ontranslation.es\\\/it\\\/#organization\"},\"potentialAction\":[{\"@type\":\"SearchAction\",\"target\":{\"@type\":\"EntryPoint\",\"urlTemplate\":\"https:\\\/\\\/ontranslation.es\\\/it\\\/?s={search_term_string}\"},\"query-input\":{\"@type\":\"PropertyValueSpecification\",\"valueRequired\":true,\"valueName\":\"search_term_string\"}}],\"inLanguage\":\"it-IT\"},{\"@type\":\"Organization\",\"@id\":\"https:\\\/\\\/ontranslation.es\\\/it\\\/#organization\",\"name\":\"Ontranslation\",\"url\":\"https:\\\/\\\/ontranslation.es\\\/it\\\/\",\"logo\":{\"@type\":\"ImageObject\",\"inLanguage\":\"it-IT\",\"@id\":\"https:\\\/\\\/ontranslation.es\\\/it\\\/#\\\/schema\\\/logo\\\/image\\\/\",\"url\":\"https:\\\/\\\/ontranslation.es\\\/wp-content\\\/uploads\\\/2020\\\/01\\\/logo-ontranslation.png\",\"contentUrl\":\"https:\\\/\\\/ontranslation.es\\\/wp-content\\\/uploads\\\/2020\\\/01\\\/logo-ontranslation.png\",\"width\":249,\"height\":53,\"caption\":\"Ontranslation\"},\"image\":{\"@id\":\"https:\\\/\\\/ontranslation.es\\\/it\\\/#\\\/schema\\\/logo\\\/image\\\/\"},\"sameAs\":[\"https:\\\/\\\/www.facebook.com\\\/ontranslation\",\"https:\\\/\\\/x.com\\\/on_translation\",\"https:\\\/\\\/www.instagram.com\\\/on.translation\\\/\",\"https:\\\/\\\/www.linkedin.com\\\/company\\\/ontranslation\\\/\",\"https:\\\/\\\/www.youtube.com\\\/user\\\/MrOntranslation\"],\"description\":\"Ontranslation es una agencia de estrategia de contenido global, AI-driven y automation-aware, especializada en ayudar a marcas a escalar su comunicaci\u00f3n internacional sin perder coherencia ni voz de marca. Dise\u00f1amos y operativizamos sistemas de contenido que combinan estrategia, localizaci\u00f3n cultural, SEO internacional y automatizaci\u00f3n inteligente, integrando IA all\u00ed donde aporta eficiencia, control y consistencia. No nos limitamos a traducir: definimos estructuras, tonos y marcos editoriales que permiten crecer en volumen, mercados e idiomas manteniendo calidad, relevancia y rendimiento real en cada contexto local.\",\"email\":\"hello@ontranslation.es\",\"telephone\":\"930130403\",\"legalName\":\"Ontranslation & Interpretation SLU\",\"foundingDate\":\"2011-11-15\",\"vatID\":\"B65771966\",\"taxID\":\"B65771966\",\"numberOfEmployees\":{\"@type\":\"QuantitativeValue\",\"minValue\":\"1\",\"maxValue\":\"10\"}}]}<\/script>\n<!-- \/ Yoast SEO Premium plugin. -->","yoast_head_json":{"title":"Blog | Ontranslation","robots":{"index":"index","follow":"follow","max-snippet":"max-snippet:-1","max-image-preview":"max-image-preview:large","max-video-preview":"max-video-preview:-1"},"canonical":"https:\/\/ontranslation.es\/it\/blog\/","og_locale":"it_IT","og_type":"article","og_title":"Blog","og_description":"Il nostro blog Chi siamo\u00a0E-commerce\u00a0Web\u00a0Traduzione\u00a0Interpretariato\u00a0Interviste","og_url":"https:\/\/ontranslation.es\/it\/blog\/","og_site_name":"Ontranslation","article_publisher":"https:\/\/www.facebook.com\/ontranslation","article_modified_time":"2023-05-04T10:51:01+00:00","og_image":[{"width":1200,"height":560,"url":"https:\/\/ontranslation.es\/wp-content\/uploads\/2025\/01\/ontranslation-global-content-strategies-1.png","type":"image\/png"}],"twitter_card":"summary_large_image","twitter_site":"@on_translation","schema":{"@context":"https:\/\/schema.org","@graph":[{"@type":"WebPage","@id":"https:\/\/ontranslation.es\/it\/blog\/","url":"https:\/\/ontranslation.es\/it\/blog\/","name":"Blog | Ontranslation","isPartOf":{"@id":"https:\/\/ontranslation.es\/it\/#website"},"datePublished":"2023-04-27T10:56:00+00:00","dateModified":"2023-05-04T10:51:01+00:00","breadcrumb":{"@id":"https:\/\/ontranslation.es\/it\/blog\/#breadcrumb"},"inLanguage":"it-IT","potentialAction":[{"@type":"ReadAction","target":["https:\/\/ontranslation.es\/it\/blog\/"]}]},{"@type":"BreadcrumbList","@id":"https:\/\/ontranslation.es\/it\/blog\/#breadcrumb","itemListElement":[{"@type":"ListItem","position":1,"name":"Portada","item":"https:\/\/ontranslation.es\/it\/"},{"@type":"ListItem","position":2,"name":"Blog"}]},{"@type":"WebSite","@id":"https:\/\/ontranslation.es\/it\/#website","url":"https:\/\/ontranslation.es\/it\/","name":"Ontranslation","description":"Empresa de traducci\u00f3n Barcelona","publisher":{"@id":"https:\/\/ontranslation.es\/it\/#organization"},"potentialAction":[{"@type":"SearchAction","target":{"@type":"EntryPoint","urlTemplate":"https:\/\/ontranslation.es\/it\/?s={search_term_string}"},"query-input":{"@type":"PropertyValueSpecification","valueRequired":true,"valueName":"search_term_string"}}],"inLanguage":"it-IT"},{"@type":"Organization","@id":"https:\/\/ontranslation.es\/it\/#organization","name":"Ontranslation","url":"https:\/\/ontranslation.es\/it\/","logo":{"@type":"ImageObject","inLanguage":"it-IT","@id":"https:\/\/ontranslation.es\/it\/#\/schema\/logo\/image\/","url":"https:\/\/ontranslation.es\/wp-content\/uploads\/2020\/01\/logo-ontranslation.png","contentUrl":"https:\/\/ontranslation.es\/wp-content\/uploads\/2020\/01\/logo-ontranslation.png","width":249,"height":53,"caption":"Ontranslation"},"image":{"@id":"https:\/\/ontranslation.es\/it\/#\/schema\/logo\/image\/"},"sameAs":["https:\/\/www.facebook.com\/ontranslation","https:\/\/x.com\/on_translation","https:\/\/www.instagram.com\/on.translation\/","https:\/\/www.linkedin.com\/company\/ontranslation\/","https:\/\/www.youtube.com\/user\/MrOntranslation"],"description":"Ontranslation es una agencia de estrategia de contenido global, AI-driven y automation-aware, especializada en ayudar a marcas a escalar su comunicaci\u00f3n internacional sin perder coherencia ni voz de marca. Dise\u00f1amos y operativizamos sistemas de contenido que combinan estrategia, localizaci\u00f3n cultural, SEO internacional y automatizaci\u00f3n inteligente, integrando IA all\u00ed donde aporta eficiencia, control y consistencia. No nos limitamos a traducir: definimos estructuras, tonos y marcos editoriales que permiten crecer en volumen, mercados e idiomas manteniendo calidad, relevancia y rendimiento real en cada contexto local.","email":"hello@ontranslation.es","telephone":"930130403","legalName":"Ontranslation & Interpretation SLU","foundingDate":"2011-11-15","vatID":"B65771966","taxID":"B65771966","numberOfEmployees":{"@type":"QuantitativeValue","minValue":"1","maxValue":"10"}}]}},"_links":{"self":[{"href":"https:\/\/ontranslation.es\/it\/wp-json\/wp\/v2\/pages\/41094","targetHints":{"allow":["GET"]}}],"collection":[{"href":"https:\/\/ontranslation.es\/it\/wp-json\/wp\/v2\/pages"}],"about":[{"href":"https:\/\/ontranslation.es\/it\/wp-json\/wp\/v2\/types\/page"}],"author":[{"embeddable":true,"href":"https:\/\/ontranslation.es\/it\/wp-json\/wp\/v2\/users\/12"}],"replies":[{"embeddable":true,"href":"https:\/\/ontranslation.es\/it\/wp-json\/wp\/v2\/comments?post=41094"}],"version-history":[{"count":1,"href":"https:\/\/ontranslation.es\/it\/wp-json\/wp\/v2\/pages\/41094\/revisions"}],"predecessor-version":[{"id":41096,"href":"https:\/\/ontranslation.es\/it\/wp-json\/wp\/v2\/pages\/41094\/revisions\/41096"}],"wp:attachment":[{"href":"https:\/\/ontranslation.es\/it\/wp-json\/wp\/v2\/media?parent=41094"}],"curies":[{"name":"wp","href":"https:\/\/api.w.org\/{rel}","templated":true}]}}