{"id":41387,"date":"2023-05-04T12:08:44","date_gmt":"2023-05-04T10:08:44","guid":{"rendered":"https:\/\/ontranslation.es\/?page_id=41387"},"modified":"2024-03-28T12:47:04","modified_gmt":"2024-03-28T11:47:04","slug":"contatto","status":"publish","type":"page","link":"https:\/\/ontranslation.es\/it\/contatto\/","title":{"rendered":"Contatto"},"content":{"rendered":"<p>Mettersi in contatto con un\u2019agenzia di traduzioni non \u00e8 mai stato cos\u00ec facile<\/p>\n<p>Ontranslation, la tua agenzia di traduzione di fiducia, risponde alle tue richieste con la massima celerit\u00e0. Insieme elaboreremo un piano d\u2019azione che ci porter\u00e0 a ottenere il tipo di comunicazione multilingue di qualit\u00e0 che stai cercando.<\/p>\n<p>&nbsp;<\/p>\n<p><strong>Carrer de Berlin, 4 1-2. 08014 &#8211; Barcellona &#8211; Spagna<\/strong><br \/>\n<a href=\"tel:%20+34%20930130403\"><strong>+34 930130403<\/strong><\/a><strong>\u00a0\/\u00a0<\/strong><a href=\"tel:%20+34%20634265187\"><strong>+34 634265187<\/strong><\/a><br \/>\n<a href=\"mailto:%20hello@ontranslation.es\"><strong>hello@ontranslation.es<\/strong><\/a><\/p>\n<p>Vuoi\u00a0lavorare con noi?<\/p>\n<p><strong>4 dei nostri attuali collaboratori su 5 consigliano di lavorare con Ontranslation.<\/strong>\u00a0Se vuoi sapere il perch\u00e9, e se sei un professionista della comunicazione (traduttore, interprete, correttore, doppiatore, designer\u2026), contattaci e spiegaci le ragioni per cui vorresti far parte del nostro team.<\/p>\n<p><a href=\"https:\/\/ontranslation.es\/it\/lavora-con-noi\"><strong>VOGLIO LAVORARE CON VOI<\/strong><\/a><\/p>\n<p>&nbsp;<\/p>\n<p><strong>HAI BISOGNO DI METTERTI IN CONTATTO CON UN\u2019AGENZIA DI TRADUZIONE COME ONTRANSLATION?<\/strong><\/p>\n<p><strong>\u00a0<\/strong><\/p>\n<p>Se non sei ancora sicuro<strong>\u00a0di quali servizi di traduzione professionale hai bisogno <\/strong>per poterti comunicare con i tuoi clienti a livello internazionale, eccoti i pi\u00f9 importanti.<\/p>\n<p>&nbsp;<\/p>\n<p>&nbsp;<\/p>\n<p>&nbsp;<\/p>\n<p><a href=\"https:\/\/ontranslation.es\/servicios\/\"><\/p>\n<p><\/a><\/p>\n<p><strong><a href=\"https:\/\/ontranslation.es\/servicios\/\">&#8211; Non so esattamente di quale servizio ho bisogno<\/a><\/strong><\/p>\n<p><a href=\"https:\/\/ontranslation.es\/servicios\/\">Tutti i nostri servizi<\/a><\/p>\n<p>&nbsp;<\/p>\n<p><strong><a href=\"https:\/\/ontranslation.es\/servicios\/traduccion-seo\">&#8211; Ho bisogno di tradurre il mio sito web e posizionarmi all\u2019estero<\/a><\/strong><\/p>\n<p><a href=\"https:\/\/ontranslation.es\/servicios\/traduccion-seo\">Servizio di traduzione SEO<\/a><\/p>\n<p>&nbsp;<\/p>\n<p><strong><a href=\"https:\/\/ontranslation.es\/servicios\/traduccion-jurada\">&#8211; Ho bisogno della traduzione legale di documenti<\/a><\/strong><\/p>\n<p><a href=\"https:\/\/ontranslation.es\/servicios\/traduccion-jurada\">Servizio di traduzione giurata<\/a><\/p>\n<p>&nbsp;<\/p>\n<p><strong><a href=\"https:\/\/ontranslation.es\/servicios\/redaccion-web\">&#8211; Ho bisogno di qualcuno che scriva i contenuti per il mio sito web<\/a><\/strong><\/p>\n<p><a href=\"https:\/\/ontranslation.es\/servicios\/redaccion-web\">Servizio di scrittura web e copywriting<\/a><\/p>\n<p>&nbsp;<\/p>\n<p>&nbsp;<\/p>\n","protected":false},"excerpt":{"rendered":"<p>Mettersi in contatto con un\u2019agenzia di traduzioni non \u00e8 mai stato cos\u00ec facile Ontranslation, la tua agenzia di traduzione di&#8230; <a class=\"more-link\" href=\"https:\/\/ontranslation.es\/it\/contatto\/\">Leer m\u00e1s <span>><\/span><\/a><\/p>\n","protected":false},"author":12,"featured_media":0,"parent":0,"menu_order":4,"comment_status":"closed","ping_status":"closed","template":"page-home.php","meta":{"_monsterinsights_skip_tracking":false,"_monsterinsights_sitenote_active":false,"_monsterinsights_sitenote_note":"","_monsterinsights_sitenote_category":0,"footnotes":""},"class_list":["post-41387","page","type-page","status-publish","hentry"],"yoast_head":"<!-- This site is optimized with the Yoast SEO Premium plugin v27.4 (Yoast SEO v27.4) - https:\/\/yoast.com\/product\/yoast-seo-premium-wordpress\/ -->\n<title>Contatto | Ontranslation<\/title>\n<meta name=\"robots\" content=\"index, follow, max-snippet:-1, max-image-preview:large, max-video-preview:-1\" \/>\n<link rel=\"canonical\" href=\"https:\/\/ontranslation.es\/it\/contatto\/\" \/>\n<meta property=\"og:locale\" content=\"it_IT\" \/>\n<meta property=\"og:type\" content=\"article\" \/>\n<meta property=\"og:title\" content=\"Contatto\" \/>\n<meta property=\"og:description\" content=\"Mettersi in contatto con un\u2019agenzia di traduzioni non \u00e8 mai stato cos\u00ec facile Ontranslation, la tua agenzia di traduzione di... Leer m\u00e1s &gt;\" \/>\n<meta property=\"og:url\" content=\"https:\/\/ontranslation.es\/it\/contatto\/\" \/>\n<meta property=\"og:site_name\" content=\"Ontranslation\" \/>\n<meta property=\"article:publisher\" content=\"https:\/\/www.facebook.com\/ontranslation\" \/>\n<meta property=\"article:modified_time\" content=\"2024-03-28T11:47:04+00:00\" \/>\n<meta property=\"og:image\" content=\"https:\/\/ontranslation.es\/wp-content\/uploads\/2025\/01\/ontranslation-global-content-strategies-1.png\" \/>\n\t<meta property=\"og:image:width\" content=\"1200\" \/>\n\t<meta property=\"og:image:height\" content=\"560\" \/>\n\t<meta property=\"og:image:type\" content=\"image\/png\" \/>\n<meta name=\"twitter:card\" content=\"summary_large_image\" \/>\n<meta name=\"twitter:site\" content=\"@on_translation\" \/>\n<script type=\"application\/ld+json\" class=\"yoast-schema-graph\">{\"@context\":\"https:\\\/\\\/schema.org\",\"@graph\":[{\"@type\":\"WebPage\",\"@id\":\"https:\\\/\\\/ontranslation.es\\\/it\\\/contatto\\\/\",\"url\":\"https:\\\/\\\/ontranslation.es\\\/it\\\/contatto\\\/\",\"name\":\"Contatto | Ontranslation\",\"isPartOf\":{\"@id\":\"https:\\\/\\\/ontranslation.es\\\/it\\\/#website\"},\"datePublished\":\"2023-05-04T10:08:44+00:00\",\"dateModified\":\"2024-03-28T11:47:04+00:00\",\"breadcrumb\":{\"@id\":\"https:\\\/\\\/ontranslation.es\\\/it\\\/contatto\\\/#breadcrumb\"},\"inLanguage\":\"it-IT\",\"potentialAction\":[{\"@type\":\"ReadAction\",\"target\":[\"https:\\\/\\\/ontranslation.es\\\/it\\\/contatto\\\/\"]}]},{\"@type\":\"BreadcrumbList\",\"@id\":\"https:\\\/\\\/ontranslation.es\\\/it\\\/contatto\\\/#breadcrumb\",\"itemListElement\":[{\"@type\":\"ListItem\",\"position\":1,\"name\":\"Portada\",\"item\":\"https:\\\/\\\/ontranslation.es\\\/it\\\/\"},{\"@type\":\"ListItem\",\"position\":2,\"name\":\"Contatto\"}]},{\"@type\":\"WebSite\",\"@id\":\"https:\\\/\\\/ontranslation.es\\\/it\\\/#website\",\"url\":\"https:\\\/\\\/ontranslation.es\\\/it\\\/\",\"name\":\"Ontranslation\",\"description\":\"Empresa de traducci\u00f3n Barcelona\",\"publisher\":{\"@id\":\"https:\\\/\\\/ontranslation.es\\\/it\\\/#organization\"},\"potentialAction\":[{\"@type\":\"SearchAction\",\"target\":{\"@type\":\"EntryPoint\",\"urlTemplate\":\"https:\\\/\\\/ontranslation.es\\\/it\\\/?s={search_term_string}\"},\"query-input\":{\"@type\":\"PropertyValueSpecification\",\"valueRequired\":true,\"valueName\":\"search_term_string\"}}],\"inLanguage\":\"it-IT\"},{\"@type\":\"Organization\",\"@id\":\"https:\\\/\\\/ontranslation.es\\\/it\\\/#organization\",\"name\":\"Ontranslation\",\"url\":\"https:\\\/\\\/ontranslation.es\\\/it\\\/\",\"logo\":{\"@type\":\"ImageObject\",\"inLanguage\":\"it-IT\",\"@id\":\"https:\\\/\\\/ontranslation.es\\\/it\\\/#\\\/schema\\\/logo\\\/image\\\/\",\"url\":\"https:\\\/\\\/ontranslation.es\\\/wp-content\\\/uploads\\\/2020\\\/01\\\/logo-ontranslation.png\",\"contentUrl\":\"https:\\\/\\\/ontranslation.es\\\/wp-content\\\/uploads\\\/2020\\\/01\\\/logo-ontranslation.png\",\"width\":249,\"height\":53,\"caption\":\"Ontranslation\"},\"image\":{\"@id\":\"https:\\\/\\\/ontranslation.es\\\/it\\\/#\\\/schema\\\/logo\\\/image\\\/\"},\"sameAs\":[\"https:\\\/\\\/www.facebook.com\\\/ontranslation\",\"https:\\\/\\\/x.com\\\/on_translation\",\"https:\\\/\\\/www.instagram.com\\\/on.translation\\\/\",\"https:\\\/\\\/www.linkedin.com\\\/company\\\/ontranslation\\\/\",\"https:\\\/\\\/www.youtube.com\\\/user\\\/MrOntranslation\"],\"description\":\"Ontranslation es una agencia de estrategia de contenido global, AI-driven y automation-aware, especializada en ayudar a marcas a escalar su comunicaci\u00f3n internacional sin perder coherencia ni voz de marca. Dise\u00f1amos y operativizamos sistemas de contenido que combinan estrategia, localizaci\u00f3n cultural, SEO internacional y automatizaci\u00f3n inteligente, integrando IA all\u00ed donde aporta eficiencia, control y consistencia. No nos limitamos a traducir: definimos estructuras, tonos y marcos editoriales que permiten crecer en volumen, mercados e idiomas manteniendo calidad, relevancia y rendimiento real en cada contexto local.\",\"email\":\"hello@ontranslation.es\",\"telephone\":\"930130403\",\"legalName\":\"Ontranslation & Interpretation SLU\",\"foundingDate\":\"2011-11-15\",\"vatID\":\"B65771966\",\"taxID\":\"B65771966\",\"numberOfEmployees\":{\"@type\":\"QuantitativeValue\",\"minValue\":\"1\",\"maxValue\":\"10\"}}]}<\/script>\n<!-- \/ Yoast SEO Premium plugin. -->","yoast_head_json":{"title":"Contatto | Ontranslation","robots":{"index":"index","follow":"follow","max-snippet":"max-snippet:-1","max-image-preview":"max-image-preview:large","max-video-preview":"max-video-preview:-1"},"canonical":"https:\/\/ontranslation.es\/it\/contatto\/","og_locale":"it_IT","og_type":"article","og_title":"Contatto","og_description":"Mettersi in contatto con un\u2019agenzia di traduzioni non \u00e8 mai stato cos\u00ec facile Ontranslation, la tua agenzia di traduzione di... Leer m\u00e1s >","og_url":"https:\/\/ontranslation.es\/it\/contatto\/","og_site_name":"Ontranslation","article_publisher":"https:\/\/www.facebook.com\/ontranslation","article_modified_time":"2024-03-28T11:47:04+00:00","og_image":[{"width":1200,"height":560,"url":"https:\/\/ontranslation.es\/wp-content\/uploads\/2025\/01\/ontranslation-global-content-strategies-1.png","type":"image\/png"}],"twitter_card":"summary_large_image","twitter_site":"@on_translation","schema":{"@context":"https:\/\/schema.org","@graph":[{"@type":"WebPage","@id":"https:\/\/ontranslation.es\/it\/contatto\/","url":"https:\/\/ontranslation.es\/it\/contatto\/","name":"Contatto | Ontranslation","isPartOf":{"@id":"https:\/\/ontranslation.es\/it\/#website"},"datePublished":"2023-05-04T10:08:44+00:00","dateModified":"2024-03-28T11:47:04+00:00","breadcrumb":{"@id":"https:\/\/ontranslation.es\/it\/contatto\/#breadcrumb"},"inLanguage":"it-IT","potentialAction":[{"@type":"ReadAction","target":["https:\/\/ontranslation.es\/it\/contatto\/"]}]},{"@type":"BreadcrumbList","@id":"https:\/\/ontranslation.es\/it\/contatto\/#breadcrumb","itemListElement":[{"@type":"ListItem","position":1,"name":"Portada","item":"https:\/\/ontranslation.es\/it\/"},{"@type":"ListItem","position":2,"name":"Contatto"}]},{"@type":"WebSite","@id":"https:\/\/ontranslation.es\/it\/#website","url":"https:\/\/ontranslation.es\/it\/","name":"Ontranslation","description":"Empresa de traducci\u00f3n Barcelona","publisher":{"@id":"https:\/\/ontranslation.es\/it\/#organization"},"potentialAction":[{"@type":"SearchAction","target":{"@type":"EntryPoint","urlTemplate":"https:\/\/ontranslation.es\/it\/?s={search_term_string}"},"query-input":{"@type":"PropertyValueSpecification","valueRequired":true,"valueName":"search_term_string"}}],"inLanguage":"it-IT"},{"@type":"Organization","@id":"https:\/\/ontranslation.es\/it\/#organization","name":"Ontranslation","url":"https:\/\/ontranslation.es\/it\/","logo":{"@type":"ImageObject","inLanguage":"it-IT","@id":"https:\/\/ontranslation.es\/it\/#\/schema\/logo\/image\/","url":"https:\/\/ontranslation.es\/wp-content\/uploads\/2020\/01\/logo-ontranslation.png","contentUrl":"https:\/\/ontranslation.es\/wp-content\/uploads\/2020\/01\/logo-ontranslation.png","width":249,"height":53,"caption":"Ontranslation"},"image":{"@id":"https:\/\/ontranslation.es\/it\/#\/schema\/logo\/image\/"},"sameAs":["https:\/\/www.facebook.com\/ontranslation","https:\/\/x.com\/on_translation","https:\/\/www.instagram.com\/on.translation\/","https:\/\/www.linkedin.com\/company\/ontranslation\/","https:\/\/www.youtube.com\/user\/MrOntranslation"],"description":"Ontranslation es una agencia de estrategia de contenido global, AI-driven y automation-aware, especializada en ayudar a marcas a escalar su comunicaci\u00f3n internacional sin perder coherencia ni voz de marca. Dise\u00f1amos y operativizamos sistemas de contenido que combinan estrategia, localizaci\u00f3n cultural, SEO internacional y automatizaci\u00f3n inteligente, integrando IA all\u00ed donde aporta eficiencia, control y consistencia. No nos limitamos a traducir: definimos estructuras, tonos y marcos editoriales que permiten crecer en volumen, mercados e idiomas manteniendo calidad, relevancia y rendimiento real en cada contexto local.","email":"hello@ontranslation.es","telephone":"930130403","legalName":"Ontranslation & Interpretation SLU","foundingDate":"2011-11-15","vatID":"B65771966","taxID":"B65771966","numberOfEmployees":{"@type":"QuantitativeValue","minValue":"1","maxValue":"10"}}]}},"_links":{"self":[{"href":"https:\/\/ontranslation.es\/it\/wp-json\/wp\/v2\/pages\/41387","targetHints":{"allow":["GET"]}}],"collection":[{"href":"https:\/\/ontranslation.es\/it\/wp-json\/wp\/v2\/pages"}],"about":[{"href":"https:\/\/ontranslation.es\/it\/wp-json\/wp\/v2\/types\/page"}],"author":[{"embeddable":true,"href":"https:\/\/ontranslation.es\/it\/wp-json\/wp\/v2\/users\/12"}],"replies":[{"embeddable":true,"href":"https:\/\/ontranslation.es\/it\/wp-json\/wp\/v2\/comments?post=41387"}],"version-history":[{"count":3,"href":"https:\/\/ontranslation.es\/it\/wp-json\/wp\/v2\/pages\/41387\/revisions"}],"predecessor-version":[{"id":41394,"href":"https:\/\/ontranslation.es\/it\/wp-json\/wp\/v2\/pages\/41387\/revisions\/41394"}],"wp:attachment":[{"href":"https:\/\/ontranslation.es\/it\/wp-json\/wp\/v2\/media?parent=41387"}],"curies":[{"name":"wp","href":"https:\/\/api.w.org\/{rel}","templated":true}]}}